{"id":6634,"date":"2025-10-08T11:34:46","date_gmt":"2025-10-08T11:34:46","guid":{"rendered":"https:\/\/www.dolgozoimenu.hu\/?post_type=product&#038;p=6634"},"modified":"2025-11-05T09:38:03","modified_gmt":"2025-11-05T09:38:03","slug":"a-menu-alfoldi-husleves-pasztortarhonya","status":"publish","type":"product","link":"https:\/\/dolgozoimenu.hu\/en\/product\/a-menu-alfoldi-husleves-pasztortarhonya\/","title":{"rendered":"&#8222;A&#8221; men\u00fc Alf\u00f6ldi h\u00fasleves &#8211; P\u00e1sztortarhonya"},"content":{"rendered":"<p>Alf\u00f6ldi h\u00fasleves &#8211;<\/p>\n<p>Allerg\u00e9nek: Glut\u00e9n tartalm\u00fa gabonaf\u00e9l\u00e9k ( b\u00faza, rozs, \u00e1rpa, zab, kukorica)<\/p>\n<p>&nbsp;<\/p>\n<p>&nbsp;<\/p>\n<p>P\u00e1sztor tarhonya:<\/p>\n<p>\u00e9tkez\u00e9si burgonya, tarhonya (B\u00daZALISZT, TY\u00daKTOJ\u00c1S), parasztkolb\u00e1sz [(f\u0171szerpaprika \u0151rlem\u00e9ny, dextr\u00f3z, \u0151r\u00f6lt feketebors, sz\u00ednez\u00e9k (E160c), fokhagymapor, \u0151r\u00f6lt f\u0171szerk\u00f6m\u00e9ny, cs\u00edp\u0151s paprika \u0151rlem\u00e9ny, antioxid\u00e1ns (E316), f\u0171szerkivonat), nitrites p\u00e1cs\u00f3 (tart\u00f3s\u00edt\u00f3szer: E 250), fokhagyma (fokhagymapaszta:fokhagyma, s\u00f3), k\u00f6m\u00e9ny (\u0151r\u00f6lt k\u00f6m\u00e9ny), manikol freshmix T (stabiliz\u00e1tor E 262, \u00e9tkez\u00e9si s\u00f3), f\u00fcst], v\u00f6r\u00f6shagyma, \u00e9tkez\u00e9si z\u00f6ldpaprika, paradicsom, f\u00fcst\u00f6lt szalonna (sert\u00e9s b\u0151r\u00f6s h\u00e1tszalonna, iv\u00f3v\u00edz, \u00e9tkez\u00e9si s\u00f3), csemege f\u0171szerpaprika, \u00e9tkez\u00e9si s\u00f3, fokhagyma.<\/p>\n<p>Allerg\u00e9nek:<\/p>\n<p>Glut\u00e9n tartalm\u00fa gabonaf\u00e9l\u00e9k ( b\u00faza, rozs, \u00e1rpa, zab, kukorica)<\/p>\n<p>Toj\u00e1s<\/p>","protected":false},"excerpt":{"rendered":"<p>Alf\u00f6ldi h\u00fasleves &#8211; Allerg\u00e9nek: Glut\u00e9n tartalm\u00fa gabonaf\u00e9l\u00e9k ( b\u00faza, rozs, \u00e1rpa, zab, kukorica) &nbsp; &nbsp; P\u00e1sztor tarhonya: \u00e9tkez\u00e9si burgonya, tarhonya (B\u00daZALISZT, TY\u00daKTOJ\u00c1S), parasztkolb\u00e1sz [(f\u0171szerpaprika \u0151rlem\u00e9ny, dextr\u00f3z, \u0151r\u00f6lt feketebors, sz\u00ednez\u00e9k (E160c), fokhagymapor, \u0151r\u00f6lt f\u0171szerk\u00f6m\u00e9ny, cs\u00edp\u0151s paprika \u0151rlem\u00e9ny, antioxid\u00e1ns (E316), f\u0171szerkivonat), nitrites p\u00e1cs\u00f3 (tart\u00f3s\u00edt\u00f3szer: E 250), fokhagyma (fokhagymapaszta:fokhagyma, s\u00f3), k\u00f6m\u00e9ny (\u0151r\u00f6lt k\u00f6m\u00e9ny), manikol freshmix T (stabiliz\u00e1tor E [&hellip;]<\/p>","protected":false},"featured_media":0,"template":"","meta":{"_acf_changed":false},"product_brand":[],"product_cat":[138],"product_tag":[147,174],"class_list":{"0":"post-6634","1":"product","2":"type-product","3":"status-publish","5":"product_cat-onkologia_daily_offers","6":"product_tag-2025-10-13","7":"product_tag-2025-11-10","9":"first","10":"instock","11":"taxable","12":"shipping-taxable","13":"purchasable","14":"product-type-simple"},"acf":[],"jetpack_sharing_enabled":true,"_links":{"self":[{"href":"https:\/\/dolgozoimenu.hu\/en\/wp-json\/wp\/v2\/product\/6634","targetHints":{"allow":["GET"]}}],"collection":[{"href":"https:\/\/dolgozoimenu.hu\/en\/wp-json\/wp\/v2\/product"}],"about":[{"href":"https:\/\/dolgozoimenu.hu\/en\/wp-json\/wp\/v2\/types\/product"}],"wp:attachment":[{"href":"https:\/\/dolgozoimenu.hu\/en\/wp-json\/wp\/v2\/media?parent=6634"}],"wp:term":[{"taxonomy":"product_brand","embeddable":true,"href":"https:\/\/dolgozoimenu.hu\/en\/wp-json\/wp\/v2\/product_brand?post=6634"},{"taxonomy":"product_cat","embeddable":true,"href":"https:\/\/dolgozoimenu.hu\/en\/wp-json\/wp\/v2\/product_cat?post=6634"},{"taxonomy":"product_tag","embeddable":true,"href":"https:\/\/dolgozoimenu.hu\/en\/wp-json\/wp\/v2\/product_tag?post=6634"}],"curies":[{"name":"wp","href":"https:\/\/api.w.org\/{rel}","templated":true}]}}