{"id":5977,"date":"2025-10-02T11:10:51","date_gmt":"2025-10-02T11:10:51","guid":{"rendered":"https:\/\/www.dolgozoimenu.hu\/?post_type=product&#038;p=5977"},"modified":"2025-10-05T20:13:08","modified_gmt":"2025-10-05T20:13:08","slug":"a-menu-temesvari-szelet-rizzsel-vargabeles","status":"publish","type":"product","link":"https:\/\/dolgozoimenu.hu\/en\/product\/a-menu-temesvari-szelet-rizzsel-vargabeles\/","title":{"rendered":"&#8222;A &#8221; men\u00fc  Temesv\u00e1ri szelet rizzsel &#8211; Vargab\u00e9les"},"content":{"rendered":"<p><strong>Vargab\u00e9les\u00a0<\/strong><strong>\u00d6sszetev\u0151k: <\/strong>teh\u00e9nT\u00daR\u00d3 (paszt\u0151r\u00f6z\u00f6tt TEH\u00c9NTEJ, TEJsavbakt\u00e9rium-teny\u00e9szet), c\u00e9rnamel\u00e9lt (t\u00e9sztaipari B\u00daZALISZT, TY\u00daKTOJ\u00c1S), TOJ\u00c1S, TEJF\u00d6L (TEJSZ\u00cdN, Tejsavbakt\u00e9rium kult\u00fara (TEJ)), r\u00e9teslap [(B\u00daZALISZT, iv\u00f3v\u00edz, \u00e9tkez\u00e9si s\u00f3, emulge\u00e1l\u00f3szer (SZ\u00d3JALECITIN), tart\u00f3s\u00edt\u00f3szer (k\u00e1lium-szorb\u00e1t), savany\u00fas\u00e1got szab\u00e1lyoz\u00f3 anyag (k\u00e1lium-citr\u00e1t, n\u00e1trium-acet\u00e1t), lisztkezel\u0151 szer (L-cisztein), kukoricakem\u00e9ny\u00edt\u0151], cukor, citromh\u00e9j, \u00e9tolaj, VAJ, mazsola.\u00a0<strong>T\u00e1p\u00e9rt\u00e9k adatok 100g term\u00e9kre:\u00a0<\/strong>Energia 1105KJ \/ 264kcal\u00a0 Zs\u00edr 11,8g\u00a0 -amelyb\u0151l tel\u00edtett zs\u00edrsavak 3,9g\u00a0 Sz\u00e9nhidr\u00e1t 29,9g\u00a0 -amelyb\u0151l cukrok 11,3g\u00a0 Feh\u00e9rje 9,2g\u00a0 S\u00f3 0,47g<\/p>\n<p><strong>Temesv\u00e1ri szelet\u00a0<\/strong><strong>\u00d6sszetev\u0151k: <\/strong>sert\u00e9skaraj, z\u00f6ldbab, TEJF\u00d6L [(TEJSZ\u00cdN, Tejsavbakt\u00e9rium kult\u00fara (TEJ)], B\u00daZALISZT, paradicsom, v\u00f6r\u00f6shagyma, \u00e9tkez\u00e9si feh\u00e9r paprika, petrezselyem, fokhagyma, csemege \u0151r\u00f6lt f\u0171szerpaprika, \u00e9tkez\u00e9si s\u00f3.\u00a0<strong>T\u00e1p\u00e9rt\u00e9k adatok 100g term\u00e9kre:\u00a0<\/strong>Energia 536KJ \/ 128kcal\u00a0 Zs\u00edr 6,7g\u00a0 -amelyb\u0151l tel\u00edtett zs\u00edrsavak 2,7g\u00a0 Sz\u00e9nhidr\u00e1t 5,2g\u00a0 -amelyb\u0151l cukrok 0,6g\u00a0 Feh\u00e9rje 11,5g\u00a0 S\u00f3 0,55g<\/p>\n<p><strong>Rizs\u00a0<\/strong><strong>\u00d6sszetev\u0151k: <\/strong>iv\u00f3v\u00edz, j\u00e1zmin rizs, \u00e9tolaj, \u00e9tkez\u00e9si s\u00f3.\u00a0<strong>T\u00e1p\u00e9rt\u00e9k adatok 100g term\u00e9kre: <\/strong>Energia 502KJ \/ 119kcal\u00a0 Zs\u00edr 1,0g\u00a0 -amelyb\u0151l tel\u00edtett zs\u00edrsavak 0,1g\u00a0 Sz\u00e9nhidr\u00e1t 25,0g\u00a0 -amelyb\u0151l cukrok 0,2g\u00a0 Feh\u00e9rje 2,4g\u00a0 S\u00f3 0,93g\u00a0Allerg\u00e9n inform\u00e1ci\u00f3: Az allerg\u00e9nek az \u00f6sszetev\u0151k k\u00f6z\u00f6tt NAGYBET\u0170VEL kiemelve tal\u00e1lhat\u00f3k!\u00a0<strong>Elk\u00e9sz\u00edt\u00e9si \u00fatmutat\u00f3: <\/strong>Mikrohull\u00e1m\u00fa s\u00fct\u0151ben k\u00f6zepes fokozaton 3-4perc meleg\u00edt\u00e9s, amely a berendez\u00e9sek teljes\u00edtm\u00e9ny\u00e9t\u0151l \u00e9s t\u00edpus\u00e1t\u00f3l f\u00fcgg\u0151en v\u00e1ltozhat!<\/p>","protected":false},"excerpt":{"rendered":"<p>Vargab\u00e9les\u00a0\u00d6sszetev\u0151k: teh\u00e9nT\u00daR\u00d3 (paszt\u0151r\u00f6z\u00f6tt TEH\u00c9NTEJ, TEJsavbakt\u00e9rium-teny\u00e9szet), c\u00e9rnamel\u00e9lt (t\u00e9sztaipari B\u00daZALISZT, TY\u00daKTOJ\u00c1S), TOJ\u00c1S, TEJF\u00d6L (TEJSZ\u00cdN, Tejsavbakt\u00e9rium kult\u00fara (TEJ)), r\u00e9teslap [(B\u00daZALISZT, iv\u00f3v\u00edz, \u00e9tkez\u00e9si s\u00f3, emulge\u00e1l\u00f3szer (SZ\u00d3JALECITIN), tart\u00f3s\u00edt\u00f3szer (k\u00e1lium-szorb\u00e1t), savany\u00fas\u00e1got szab\u00e1lyoz\u00f3 anyag (k\u00e1lium-citr\u00e1t, n\u00e1trium-acet\u00e1t), lisztkezel\u0151 szer (L-cisztein), kukoricakem\u00e9ny\u00edt\u0151], cukor, citromh\u00e9j, \u00e9tolaj, VAJ, mazsola.\u00a0T\u00e1p\u00e9rt\u00e9k adatok 100g term\u00e9kre:\u00a0Energia 1105KJ \/ 264kcal\u00a0 Zs\u00edr 11,8g\u00a0 -amelyb\u0151l tel\u00edtett zs\u00edrsavak 3,9g\u00a0 Sz\u00e9nhidr\u00e1t 29,9g\u00a0 -amelyb\u0151l cukrok 11,3g\u00a0 [&hellip;]<\/p>","protected":false},"featured_media":0,"template":"","meta":{"_acf_changed":false},"product_brand":[],"product_cat":[138],"product_tag":[144],"class_list":{"0":"post-5977","1":"product","2":"type-product","3":"status-publish","5":"product_cat-onkologia_daily_offers","6":"product_tag-2025-10-10","8":"first","9":"instock","10":"taxable","11":"shipping-taxable","12":"purchasable","13":"product-type-simple"},"acf":[],"jetpack_sharing_enabled":true,"_links":{"self":[{"href":"https:\/\/dolgozoimenu.hu\/en\/wp-json\/wp\/v2\/product\/5977","targetHints":{"allow":["GET"]}}],"collection":[{"href":"https:\/\/dolgozoimenu.hu\/en\/wp-json\/wp\/v2\/product"}],"about":[{"href":"https:\/\/dolgozoimenu.hu\/en\/wp-json\/wp\/v2\/types\/product"}],"wp:attachment":[{"href":"https:\/\/dolgozoimenu.hu\/en\/wp-json\/wp\/v2\/media?parent=5977"}],"wp:term":[{"taxonomy":"product_brand","embeddable":true,"href":"https:\/\/dolgozoimenu.hu\/en\/wp-json\/wp\/v2\/product_brand?post=5977"},{"taxonomy":"product_cat","embeddable":true,"href":"https:\/\/dolgozoimenu.hu\/en\/wp-json\/wp\/v2\/product_cat?post=5977"},{"taxonomy":"product_tag","embeddable":true,"href":"https:\/\/dolgozoimenu.hu\/en\/wp-json\/wp\/v2\/product_tag?post=5977"}],"curies":[{"name":"wp","href":"https:\/\/api.w.org\/{rel}","templated":true}]}}