{"id":5973,"date":"2025-10-02T11:02:53","date_gmt":"2025-10-02T11:02:53","guid":{"rendered":"https:\/\/www.dolgozoimenu.hu\/?post_type=product&#038;p=5973"},"modified":"2025-10-05T18:45:50","modified_gmt":"2025-10-05T18:45:50","slug":"a-menu-brokkoli-kremleves-dubarry-csirkemell-rizzsel","status":"publish","type":"product","link":"https:\/\/dolgozoimenu.hu\/en\/product\/a-menu-brokkoli-kremleves-dubarry-csirkemell-rizzsel\/","title":{"rendered":"&#8222;A &#8221; men\u00fc  Brokkoli kr\u00e9mleves &#8211; Dubarry csirkemell rizzsel"},"content":{"rendered":"<p><strong>Brokkoli kr\u00e9mleves\u00a0<\/strong><strong>\u00d6sszetev\u0151k: <\/strong>iv\u00f3v\u00edz, brokkoli 34%, \u00e9tkez\u00e9si burgonya, TEJSZ\u00cdN (TEJSZ\u00cdN, TEJFEH\u00c9RJE, S\u0171r\u00edt\u0151: szentj\u00e1noskeny\u00e9rgumi, karrag\u00e9n, guargumi), v\u00f6r\u00f6shagyma, \u00e9tolaj, \u00e9tkez\u00e9si s\u00f3, fokhagyma, citroml\u00e9, fekete bors.\u00a0<strong>T\u00e1p\u00e9rt\u00e9k adatok 100g term\u00e9kre:\u00a0<\/strong>Energia 224 KJ\/ 54 kcal\u00a0 Zs\u00edr 3,8g\u00a0 -amelyb\u0151l tel\u00edtett zs\u00edrsavak 2,2g\u00a0 Sz\u00e9nhidr\u00e1t 3,2g\u00a0 -amelyb\u0151l cukrok 1,2g\u00a0 Feh\u00e9rje 1,2g\u00a0 S\u00f3 0,64g<\/p>\n<p><strong>Chicken Dubarry\u00a0<\/strong><strong>\u00d6sszetev\u0151k: <\/strong>csirkemell, karfiol, TEJ, B\u00daZALISZT, trappista SAJT (paszt\u0151r\u00f6z\u00f6tt TEH\u00c9NTEJ, \u00e9tkez\u00e9si s\u00f3, sajtkult\u00fara, TEJolt\u00f3 enzimek), TEJF\u00d6L [TEJSZ\u00cdN, Tejsavbakt\u00e9rium kult\u00fara (TEJ)], \u00e9tolaj, VAJ, \u00e9tkez\u00e9si s\u00f3, \u0151r\u00f6lt fekete bors.\u00a0<strong>T\u00e1p\u00e9rt\u00e9k adatok 100g term\u00e9kre:\u00a0<\/strong>Energia 429 KJ\/ 102 kcal\u00a0 Zs\u00edr 3,8g\u00a0 -amelyb\u0151l tel\u00edtett zs\u00edrsavak 1,5g\u00a0 Sz\u00e9nhidr\u00e1t 3,9g\u00a0 -amelyb\u0151l cukrok 1,4g\u00a0 Feh\u00e9rje 12,8g\u00a0 S\u00f3 0,87g<\/p>\n<p><strong>Rizs\u00a0<\/strong><strong>\u00d6sszetev\u0151k: <\/strong>iv\u00f3v\u00edz, j\u00e1zmin rizs, \u00e9tolaj, \u00e9tkez\u00e9si s\u00f3\u00a0<strong>T\u00e1p\u00e9rt\u00e9k adatok 100g term\u00e9kre: <\/strong>Energia 502KJ \/ 119kcal\u00a0 Zs\u00edr 1,0g\u00a0 -amelyb\u0151l tel\u00edtett zs\u00edrsavak 0,1g\u00a0 Sz\u00e9nhidr\u00e1t 25,0g\u00a0 -amelyb\u0151l cukrok 0,2g\u00a0 Feh\u00e9rje 2,4g\u00a0 S\u00f3 0,93g\u00a0Allerg\u00e9n inform\u00e1ci\u00f3: Az allerg\u00e9nek az \u00f6sszetev\u0151k k\u00f6z\u00f6tt NAGYBET\u0170VEL kiemelve tal\u00e1lhat\u00f3k!<strong>Elk\u00e9sz\u00edt\u00e9si \u00fatmutat\u00f3: <\/strong>Mikrohull\u00e1m\u00fa s\u00fct\u0151ben k\u00f6zepes fokozaton 3-4perc meleg\u00edt\u00e9s, amely a berendez\u00e9sek teljes\u00edtm\u00e9ny\u00e9t\u0151l \u00e9s t\u00edpus\u00e1t\u00f3l f\u00fcgg\u0151en v\u00e1ltozhat!<\/p>","protected":false},"excerpt":{"rendered":"<p>Brokkoli kr\u00e9mleves\u00a0\u00d6sszetev\u0151k: iv\u00f3v\u00edz, brokkoli 34%, \u00e9tkez\u00e9si burgonya, TEJSZ\u00cdN (TEJSZ\u00cdN, TEJFEH\u00c9RJE, S\u0171r\u00edt\u0151: szentj\u00e1noskeny\u00e9rgumi, karrag\u00e9n, guargumi), v\u00f6r\u00f6shagyma, \u00e9tolaj, \u00e9tkez\u00e9si s\u00f3, fokhagyma, citroml\u00e9, fekete bors.\u00a0T\u00e1p\u00e9rt\u00e9k adatok 100g term\u00e9kre:\u00a0Energia 224 KJ\/ 54 kcal\u00a0 Zs\u00edr 3,8g\u00a0 -amelyb\u0151l tel\u00edtett zs\u00edrsavak 2,2g\u00a0 Sz\u00e9nhidr\u00e1t 3,2g\u00a0 -amelyb\u0151l cukrok 1,2g\u00a0 Feh\u00e9rje 1,2g\u00a0 S\u00f3 0,64g Dubarry csirkemell\u00a0\u00d6sszetev\u0151k: csirkemell, karfiol, TEJ, B\u00daZALISZT, trappista SAJT (paszt\u0151r\u00f6z\u00f6tt TEH\u00c9NTEJ, \u00e9tkez\u00e9si [&hellip;]<\/p>","protected":false},"featured_media":0,"template":"","meta":{"_acf_changed":false},"product_brand":[],"product_cat":[138],"product_tag":[143],"class_list":{"0":"post-5973","1":"product","2":"type-product","3":"status-publish","5":"product_cat-onkologia_daily_offers","6":"product_tag-2025-10-09","8":"first","9":"instock","10":"taxable","11":"shipping-taxable","12":"purchasable","13":"product-type-simple"},"acf":[],"jetpack_sharing_enabled":true,"_links":{"self":[{"href":"https:\/\/dolgozoimenu.hu\/en\/wp-json\/wp\/v2\/product\/5973","targetHints":{"allow":["GET"]}}],"collection":[{"href":"https:\/\/dolgozoimenu.hu\/en\/wp-json\/wp\/v2\/product"}],"about":[{"href":"https:\/\/dolgozoimenu.hu\/en\/wp-json\/wp\/v2\/types\/product"}],"wp:attachment":[{"href":"https:\/\/dolgozoimenu.hu\/en\/wp-json\/wp\/v2\/media?parent=5973"}],"wp:term":[{"taxonomy":"product_brand","embeddable":true,"href":"https:\/\/dolgozoimenu.hu\/en\/wp-json\/wp\/v2\/product_brand?post=5973"},{"taxonomy":"product_cat","embeddable":true,"href":"https:\/\/dolgozoimenu.hu\/en\/wp-json\/wp\/v2\/product_cat?post=5973"},{"taxonomy":"product_tag","embeddable":true,"href":"https:\/\/dolgozoimenu.hu\/en\/wp-json\/wp\/v2\/product_tag?post=5973"}],"curies":[{"name":"wp","href":"https:\/\/api.w.org\/{rel}","templated":true}]}}