{"id":5970,"date":"2025-10-02T10:59:46","date_gmt":"2025-10-02T10:59:46","guid":{"rendered":"https:\/\/www.dolgozoimenu.hu\/?post_type=product&#038;p=5970"},"modified":"2025-10-05T10:18:39","modified_gmt":"2025-10-05T10:18:39","slug":"a-menu-tarkonyos-csirkeragu-leves-bacskai-rizseshus","status":"publish","type":"product","link":"https:\/\/dolgozoimenu.hu\/en\/product\/a-menu-tarkonyos-csirkeragu-leves-bacskai-rizseshus\/","title":{"rendered":"&#8222;A &#8221; men\u00fc  Cs\u00fclk\u00f6s babguly\u00e1s &#8211; T\u00far\u00f3 gomb\u00f3c"},"content":{"rendered":"<p><strong>Cs\u00fclk\u00f6s Bab guly\u00e1s\u00a0<\/strong><strong>\u00d6sszetev\u0151k: <\/strong>iv\u00f3v\u00edz, f\u00fcst\u00f6lt kolb\u00e1sz [(b\u00f6ll\u00e9r parasztkolb\u00e1sz fk ST2\/100 f\u0171szerkever\u00e9k (f\u0171szerpaprika \u0151rlem\u00e9ny, dextr\u00f3z, \u0151r\u00f6lt feketebors, sz\u00ednez\u00e9k (E160c), fokhagymapor, \u0151r\u00f6lt f\u0171szerk\u00f6m\u00e9ny, cs\u00edp\u0151s paprika \u0151rlem\u00e9ny, antioxid\u00e1ns (E316), f\u0171szerkivonat), nitrites p\u00e1cs\u00f3 (tart\u00f3s\u00edt\u00f3szer: E 250;), fokhagyma (fokhagymapaszta: fokhagyma, s\u00f3), k\u00f6m\u00e9ny (\u0151r\u00f6lt k\u00f6m\u00e9ny), Manikol Freshmix T (stabiliz\u00e1tor E 262, \u00e9tkez\u00e9si s\u00f3), f\u00fcst)], f\u00fcst\u00f6lt csemege szalonna [(sert\u00e9s b\u0151r\u00f6s cs\u00e1sz\u00e1rszalonna (90%), iv\u00f3v\u00edz (7,3%), \u00e9tkez\u00e9si s\u00f3, stabiliz\u00e1torok (E451, E452), s\u0171r\u00edt\u0151anyag (E407a), dextr\u00f3z, antioxid\u00e1ns (E316), tart\u00f3s\u00edt\u00f3szer (E250)], v\u00f6r\u00f6sbab (v\u00f6r\u00f6sbab, v\u00edz, \u00e9tkez\u00e9si s\u00f3), f\u00fcst\u00f6lt sert\u00e9s h\u00e1ts\u00f3 cs\u00fcl\u00f6k [(sert\u00e9s h\u00e1ts\u00f3 cs\u00fcl\u00f6k 91 %, v\u00edz, \u00e9tkez\u00e9si s\u00f3, dextr\u00f3z, emulge\u00e1l\u00f3szer (trifoszf\u00e1tok), \u00e1llati feh\u00e9rje (sert\u00e9s), s\u0171r\u00edt\u0151 anyag (feldolgozott euchema moszat), antioxid\u00e1ns (n\u00e1trium-aszkorb\u00e1t), arom\u00e1k, f\u00fcstaroma, tart\u00f3s\u00edt\u00f3szer (n\u00e1trium-nitrit)], s\u00e1rgar\u00e9pa, v\u00f6r\u00f6shagyma, feh\u00e9rr\u00e9pa, csemege \u0151r\u00f6lt f\u0171szerpaprika, \u0151r\u00f6lt fekete bors, fokhagyma, \u00e9tkez\u00e9si s\u00f3, B\u00daZALISZT.\u00a0<strong>T\u00e1p\u00e9rt\u00e9k adatok 100g term\u00e9kre:\u00a0<\/strong>Energia 1273KJ \/ 307kcal\u00a0 Zs\u00edr 26,4g\u00a0 -amelyb\u0151l tel\u00edtett zs\u00edrsavak 11,3g\u00a0 Sz\u00e9nhidr\u00e1t 3,9g\u00a0 -amelyb\u0151l cukrok 1,3g\u00a0 Feh\u00e9rje 12,9g\u00a0 S\u00f3 1,49g<\/p>\n<p><strong>T\u00far\u00f3s gomb\u00f3c\u00a0<\/strong><strong>\u00d6sszetev\u0151k: <\/strong>gomb\u00f3c [(B\u00daZALISZT, iv\u00f3v\u00edz, T\u00daR\u00d3 (11%) burgonyapehely [dehidrat\u00e1lt burgonya, emulge\u00e1l\u00f3szer (zs\u00edrsavak mono- \u00e9s digliceridjei), stabiliz\u00e1torok (difoszf\u00e1tok, citromsav), tart\u00f3s\u00edt\u00f3szer (n\u00e1trium-metabiszulfit)], sov\u00e1ny TEJ, cukor, napraforg\u00f3 olaj, s\u0171r\u00edt\u0151anyag (aceitelezett dikem\u00e9ny\u00edt\u0151-foszf\u00e1t), \u00e9tkez\u00e9si s\u00f3, vanilincukor (cukor, aroma), citromaroma.)], TEJF\u00d6L (TEJSZ\u00cdN, tejsavbakt\u00e9rium kult\u00fara (TEJ), zsemlemorzsa (B\u00daZALISZT, iv\u00f3v\u00edz, \u00e9leszt\u0151, \u00e9tkez\u00e9si s\u00f3), cukor, fah\u00e9j. <strong>T\u00e1p\u00e9rt\u00e9k adatok 100g term\u00e9kre:\u00a0<\/strong>Energia 991KJ \/ 235kcal\u00a0 Zs\u00edr 6,8g\u00a0 -amelyb\u0151l tel\u00edtett zs\u00edrsavak 3,6g\u00a0 Sz\u00e9nhidr\u00e1t 37,4g\u00a0 -amelyb\u0151l cukrok 11,3g\u00a0 Feh\u00e9rje 5,8g\u00a0 S\u00f3 0,66g\u00a0Allerg\u00e9n inform\u00e1ci\u00f3: Az allerg\u00e9nek az \u00f6sszetev\u0151k k\u00f6z\u00f6tt NAGYBET\u0170VEL kiemelve tal\u00e1lhat\u00f3k!\u00a0<strong>Elk\u00e9sz\u00edt\u00e9si \u00fatmutat\u00f3: <\/strong>Mikrohull\u00e1m\u00fa s\u00fct\u0151ben k\u00f6zepes fokozaton 3-4perc meleg\u00edt\u00e9s, amely a berendez\u00e9sek teljes\u00edtm\u00e9ny\u00e9t\u0151l \u00e9s t\u00edpus\u00e1t\u00f3l f\u00fcgg\u0151en v\u00e1ltozhat!<\/p>","protected":false},"excerpt":{"rendered":"<p>Cs\u00fclk\u00f6s Bab guly\u00e1s\u00a0\u00d6sszetev\u0151k: iv\u00f3v\u00edz, f\u00fcst\u00f6lt kolb\u00e1sz [(b\u00f6ll\u00e9r parasztkolb\u00e1sz fk ST2\/100 f\u0171szerkever\u00e9k (f\u0171szerpaprika \u0151rlem\u00e9ny, dextr\u00f3z, \u0151r\u00f6lt feketebors, sz\u00ednez\u00e9k (E160c), fokhagymapor, \u0151r\u00f6lt f\u0171szerk\u00f6m\u00e9ny, cs\u00edp\u0151s paprika \u0151rlem\u00e9ny, antioxid\u00e1ns (E316), f\u0171szerkivonat), nitrites p\u00e1cs\u00f3 (tart\u00f3s\u00edt\u00f3szer: E 250;), fokhagyma (fokhagymapaszta: fokhagyma, s\u00f3), k\u00f6m\u00e9ny (\u0151r\u00f6lt k\u00f6m\u00e9ny), Manikol Freshmix T (stabiliz\u00e1tor E 262, \u00e9tkez\u00e9si s\u00f3), f\u00fcst)], f\u00fcst\u00f6lt csemege szalonna [(sert\u00e9s b\u0151r\u00f6s cs\u00e1sz\u00e1rszalonna (90%), [&hellip;]<\/p>","protected":false},"featured_media":0,"template":"","meta":{"_acf_changed":false},"product_brand":[],"product_cat":[138],"product_tag":[142],"class_list":{"0":"post-5970","1":"product","2":"type-product","3":"status-publish","5":"product_cat-onkologia_daily_offers","6":"product_tag-2025-10-08","8":"first","9":"instock","10":"taxable","11":"shipping-taxable","12":"purchasable","13":"product-type-simple"},"acf":[],"jetpack_sharing_enabled":true,"_links":{"self":[{"href":"https:\/\/dolgozoimenu.hu\/en\/wp-json\/wp\/v2\/product\/5970","targetHints":{"allow":["GET"]}}],"collection":[{"href":"https:\/\/dolgozoimenu.hu\/en\/wp-json\/wp\/v2\/product"}],"about":[{"href":"https:\/\/dolgozoimenu.hu\/en\/wp-json\/wp\/v2\/types\/product"}],"wp:attachment":[{"href":"https:\/\/dolgozoimenu.hu\/en\/wp-json\/wp\/v2\/media?parent=5970"}],"wp:term":[{"taxonomy":"product_brand","embeddable":true,"href":"https:\/\/dolgozoimenu.hu\/en\/wp-json\/wp\/v2\/product_brand?post=5970"},{"taxonomy":"product_cat","embeddable":true,"href":"https:\/\/dolgozoimenu.hu\/en\/wp-json\/wp\/v2\/product_cat?post=5970"},{"taxonomy":"product_tag","embeddable":true,"href":"https:\/\/dolgozoimenu.hu\/en\/wp-json\/wp\/v2\/product_tag?post=5970"}],"curies":[{"name":"wp","href":"https:\/\/api.w.org\/{rel}","templated":true}]}}