{"id":5969,"date":"2025-10-02T10:59:30","date_gmt":"2025-10-02T10:59:30","guid":{"rendered":"https:\/\/www.dolgozoimenu.hu\/?post_type=product&#038;p=5969"},"modified":"2025-10-03T12:05:39","modified_gmt":"2025-10-03T12:05:39","slug":"a-menu-borsoleves-penne-bolognaise","status":"publish","type":"product","link":"https:\/\/dolgozoimenu.hu\/en\/product\/a-menu-borsoleves-penne-bolognaise\/","title":{"rendered":"&#8222;A &#8221; men\u00fc  Bors\u00f3leves &#8211; Penne bolognaise"},"content":{"rendered":"<p><strong>Z\u00f6ldbors\u00f3 leves\u00a0<\/strong><strong>\u00d6sszetev\u0151k: <\/strong>z\u00f6ldbors\u00f3, s\u00e1rgar\u00e9pa, petrezselyemgy\u00f6k\u00e9r, v\u00f6r\u00f6shagyma, ZELLER, \u00e9tolaj, \u00e9tkez\u00e9si s\u00f3, csemege \u0151r\u00f6lt f\u0171szerpaprika, \u0151r\u00f6lt fekete bors.\u00a0<strong>T\u00e1p\u00e9rt\u00e9k adatok 100g term\u00e9kre: <\/strong>Energia 351KJ \/ 84kcal\u00a0 Zs\u00edr 2,8g\u00a0 -amelyb\u0151l tel\u00edtett zs\u00edrsavak 0,3g\u00a0 Sz\u00e9nhidr\u00e1t 8,2g\u00a0 -amelyb\u0151l cukrok 5,0g\u00a0 Feh\u00e9rje 4,2g\u00a0 S\u00f3 0,46g<\/p>\n<p><strong>Bolognai penne\u00a0<\/strong><strong>\u00d6sszetev\u0151k: <\/strong>sert\u00e9s dar\u00e1lth\u00fas, penne (DURUMB\u00daZA DARA, iv\u00f3v\u00edz), s\u0171r\u00edtett paradicsom, v\u00f6r\u00f6shagyma, f\u00fcst\u00f6lt sert\u00e9s csemegeszalonna (sert\u00e9s b\u0151r\u00f6s h\u00e1tszalonna, iv\u00f3v\u00edz, \u00e9tkez\u00e9si s\u00f3), s\u00e1rgar\u00e9pa, ZELLER, trappista sajt (paszt\u0151r\u00f6z\u00f6tt TEH\u00c9NTEJ, \u00e9tkez\u00e9si s\u00f3, sajtkult\u00fara, TEJolt\u00f3 enzimek), fokhagyma, bazsalikom, \u00e9tkez\u00e9si s\u00f3, \u00e9tolaj, oreg\u00e1n\u00f3, \u0151r\u00f6lt fekete bors, bab\u00e9rlev\u00e9l.\u00a0<strong>T\u00e1p\u00e9rt\u00e9k adatok 100g term\u00e9kre:\u00a0<\/strong>Energia 803KJ \/ 191kcal\u00a0 Zs\u00edr 5,5g\u00a0 -amelyb\u0151l tel\u00edtett zs\u00edrsavak 1,9g\u00a0 Sz\u00e9nhidr\u00e1t 22,7g\u00a0 -amelyb\u0151l cukrok 2,5g\u00a0 Feh\u00e9rje 12,1g\u00a0 S\u00f3 0,98g\u00a0Allerg\u00e9n inform\u00e1ci\u00f3: Az allerg\u00e9nek az \u00f6sszetev\u0151k k\u00f6z\u00f6tt NAGYBET\u0170VEL kiemelve tal\u00e1lhat\u00f3k!\u00a0<strong>Elk\u00e9sz\u00edt\u00e9si \u00fatmutat\u00f3: <\/strong>Mikrohull\u00e1m\u00fa s\u00fct\u0151ben k\u00f6zepes fokozaton 3-4perc meleg\u00edt\u00e9s, amely a berendez\u00e9sek teljes\u00edtm\u00e9ny\u00e9t\u0151l \u00e9s t\u00edpus\u00e1t\u00f3l f\u00fcgg\u0151en v\u00e1ltozhat!<\/p>","protected":false},"excerpt":{"rendered":"<p>Z\u00f6ldbors\u00f3 leves\u00a0\u00d6sszetev\u0151k: z\u00f6ldbors\u00f3, s\u00e1rgar\u00e9pa, petrezselyemgy\u00f6k\u00e9r, v\u00f6r\u00f6shagyma, ZELLER, \u00e9tolaj, \u00e9tkez\u00e9si s\u00f3, csemege \u0151r\u00f6lt f\u0171szerpaprika, \u0151r\u00f6lt fekete bors.\u00a0T\u00e1p\u00e9rt\u00e9k adatok 100g term\u00e9kre: Energia 351KJ \/ 84kcal\u00a0 Zs\u00edr 2,8g\u00a0 -amelyb\u0151l tel\u00edtett zs\u00edrsavak 0,3g\u00a0 Sz\u00e9nhidr\u00e1t 8,2g\u00a0 -amelyb\u0151l cukrok 5,0g\u00a0 Feh\u00e9rje 4,2g\u00a0 S\u00f3 0,46g Bolognai penne\u00a0\u00d6sszetev\u0151k: sert\u00e9s dar\u00e1lth\u00fas, penne (DURUMB\u00daZA DARA, iv\u00f3v\u00edz), s\u0171r\u00edtett paradicsom, v\u00f6r\u00f6shagyma, f\u00fcst\u00f6lt sert\u00e9s csemegeszalonna (sert\u00e9s b\u0151r\u00f6s h\u00e1tszalonna, [&hellip;]<\/p>","protected":false},"featured_media":0,"template":"","meta":{"_acf_changed":false},"product_brand":[],"product_cat":[138],"product_tag":[136],"class_list":{"0":"post-5969","1":"product","2":"type-product","3":"status-publish","5":"product_cat-onkologia_daily_offers","6":"product_tag-2025-10-06","8":"first","9":"instock","10":"taxable","11":"shipping-taxable","12":"purchasable","13":"product-type-simple"},"acf":[],"jetpack_sharing_enabled":true,"_links":{"self":[{"href":"https:\/\/dolgozoimenu.hu\/en\/wp-json\/wp\/v2\/product\/5969","targetHints":{"allow":["GET"]}}],"collection":[{"href":"https:\/\/dolgozoimenu.hu\/en\/wp-json\/wp\/v2\/product"}],"about":[{"href":"https:\/\/dolgozoimenu.hu\/en\/wp-json\/wp\/v2\/types\/product"}],"wp:attachment":[{"href":"https:\/\/dolgozoimenu.hu\/en\/wp-json\/wp\/v2\/media?parent=5969"}],"wp:term":[{"taxonomy":"product_brand","embeddable":true,"href":"https:\/\/dolgozoimenu.hu\/en\/wp-json\/wp\/v2\/product_brand?post=5969"},{"taxonomy":"product_cat","embeddable":true,"href":"https:\/\/dolgozoimenu.hu\/en\/wp-json\/wp\/v2\/product_cat?post=5969"},{"taxonomy":"product_tag","embeddable":true,"href":"https:\/\/dolgozoimenu.hu\/en\/wp-json\/wp\/v2\/product_tag?post=5969"}],"curies":[{"name":"wp","href":"https:\/\/api.w.org\/{rel}","templated":true}]}}