{"id":5041,"date":"2025-09-26T08:11:18","date_gmt":"2025-09-26T08:11:18","guid":{"rendered":"https:\/\/www.dolgozoimenu.hu\/?post_type=product&#038;p=5041"},"modified":"2025-09-29T17:17:16","modified_gmt":"2025-09-29T17:17:16","slug":"a-menu-borsokrem-leves-400-ml-brassoi-apropecsenye-kockaburgonyaval","status":"publish","type":"product","link":"https:\/\/dolgozoimenu.hu\/en\/product\/a-menu-borsokrem-leves-400-ml-brassoi-apropecsenye-kockaburgonyaval\/","title":{"rendered":"&#8222;A&#8221; men\u00fc Bors\u00f3kr\u00e9m leves 400 ml &#8211; Brass\u00f3i apr\u00f3pecsenye kockaburgony\u00e1val"},"content":{"rendered":"<p><strong>Bors\u00f3kr\u00e9m leves\u00a0<\/strong><strong>\u00d6sszetev\u0151k: <\/strong>z\u00f6ldbors\u00f3, iv\u00f3v\u00edz, petrezselyemz\u00f6ld, cukor, \u0151r\u00f6lt fekete bors, \u00e9tkez\u00e9si s\u00f3\u00a0<strong>T\u00e1p\u00e9rt\u00e9k adatok 100g term\u00e9kre: <\/strong>Energia 241KJ \/ 57kcal\u00a0 Zs\u00edr 0,3g\u00a0 -amelyb\u0151l tel\u00edtett zs\u00edrsavak 0,0g\u00a0 Sz\u00e9nhidr\u00e1t 7,4g\u00a0 -amelyb\u0151l cukrok 5,0g\u00a0 Feh\u00e9rje 4,0g\u00a0 S\u00f3 0,54g<\/p>\n<p><strong>Brass\u00f3i apr\u00f3pecsenye kocka burgony\u00e1val\u00a0<\/strong><strong>\u00d6sszetev\u0151k: <\/strong>sert\u00e9s comb, \u00e9tkez\u00e9si burgonya, f\u00fcst\u00f6lt szalonna (sert\u00e9s b\u0151r\u00f6s h\u00e1tszalonna, iv\u00f3v\u00edz, \u00e9tkez\u00e9si s\u00f3), v\u00f6r\u00f6shagyma, fokhagyma, \u00e9tkez\u00e9si s\u00f3, \u0151r\u00f6lt fekete bors, majoranna.\u00a0<strong>T\u00e1p\u00e9rt\u00e9k adatok 100g term\u00e9kre:\u00a0<\/strong>Energia 1489KJ \/ 360kcal\u00a0 Zs\u00edr 33,5g\u00a0 -amelyb\u0151l tel\u00edtett zs\u00edrsavak 11,2g\u00a0 Sz\u00e9nhidr\u00e1t 2,6g\u00a0 -amelyb\u0151l cukrok 1,0g\u00a0 Feh\u00e9rje 12,1g\u00a0 S\u00f3 1,58g\u00a0 Allerg\u00e9n inform\u00e1ci\u00f3: Az allerg\u00e9nek az \u00f6sszetev\u0151k k\u00f6z\u00f6tt NAGYBET\u0170VEL kiemelve tal\u00e1lhat\u00f3k!\u00a0 <strong>Elk\u00e9sz\u00edt\u00e9si \u00fatmutat\u00f3: <\/strong>Mikrohull\u00e1m\u00fa s\u00fct\u0151ben k\u00f6zepes fokozaton 3-4perc meleg\u00edt\u00e9s, amely a berendez\u00e9sek teljes\u00edtm\u00e9ny\u00e9t\u0151l \u00e9s t\u00edpus\u00e1t\u00f3l f\u00fcgg\u0151en v\u00e1ltozhat!<\/p>","protected":false},"excerpt":{"rendered":"<p>Bors\u00f3kr\u00e9m leves\u00a0\u00d6sszetev\u0151k: z\u00f6ldbors\u00f3, iv\u00f3v\u00edz, petrezselyemz\u00f6ld, cukor, \u0151r\u00f6lt fekete bors, \u00e9tkez\u00e9si s\u00f3\u00a0T\u00e1p\u00e9rt\u00e9k adatok 100g term\u00e9kre: Energia 241KJ \/ 57kcal\u00a0 Zs\u00edr 0,3g\u00a0 -amelyb\u0151l tel\u00edtett zs\u00edrsavak 0,0g\u00a0 Sz\u00e9nhidr\u00e1t 7,4g\u00a0 -amelyb\u0151l cukrok 5,0g\u00a0 Feh\u00e9rje 4,0g\u00a0 S\u00f3 0,54g Brass\u00f3i apr\u00f3pecsenye kocka burgony\u00e1val\u00a0\u00d6sszetev\u0151k: sert\u00e9s comb, \u00e9tkez\u00e9si burgonya, f\u00fcst\u00f6lt szalonna (sert\u00e9s b\u0151r\u00f6s h\u00e1tszalonna, iv\u00f3v\u00edz, \u00e9tkez\u00e9si s\u00f3), v\u00f6r\u00f6shagyma, fokhagyma, \u00e9tkez\u00e9si s\u00f3, \u0151r\u00f6lt fekete [&hellip;]<\/p>","protected":false},"featured_media":0,"template":"","meta":{"_acf_changed":false},"product_brand":[],"product_cat":[138],"product_tag":[133],"class_list":{"0":"post-5041","1":"product","2":"type-product","3":"status-publish","5":"product_cat-onkologia_daily_offers","6":"product_tag-2025-10-03","8":"first","9":"instock","10":"taxable","11":"shipping-taxable","12":"purchasable","13":"product-type-simple"},"acf":[],"jetpack_sharing_enabled":true,"_links":{"self":[{"href":"https:\/\/dolgozoimenu.hu\/en\/wp-json\/wp\/v2\/product\/5041","targetHints":{"allow":["GET"]}}],"collection":[{"href":"https:\/\/dolgozoimenu.hu\/en\/wp-json\/wp\/v2\/product"}],"about":[{"href":"https:\/\/dolgozoimenu.hu\/en\/wp-json\/wp\/v2\/types\/product"}],"wp:attachment":[{"href":"https:\/\/dolgozoimenu.hu\/en\/wp-json\/wp\/v2\/media?parent=5041"}],"wp:term":[{"taxonomy":"product_brand","embeddable":true,"href":"https:\/\/dolgozoimenu.hu\/en\/wp-json\/wp\/v2\/product_brand?post=5041"},{"taxonomy":"product_cat","embeddable":true,"href":"https:\/\/dolgozoimenu.hu\/en\/wp-json\/wp\/v2\/product_cat?post=5041"},{"taxonomy":"product_tag","embeddable":true,"href":"https:\/\/dolgozoimenu.hu\/en\/wp-json\/wp\/v2\/product_tag?post=5041"}],"curies":[{"name":"wp","href":"https:\/\/api.w.org\/{rel}","templated":true}]}}