{"id":4989,"date":"2025-09-26T07:10:56","date_gmt":"2025-09-26T07:10:56","guid":{"rendered":"https:\/\/www.dolgozoimenu.hu\/?post_type=product&#038;p=4989"},"modified":"2025-09-29T17:31:22","modified_gmt":"2025-09-29T17:31:22","slug":"a-manu-borsokrem-leves-400ml-brassoi-apropecsenye-kockaburgonyaval-350g","status":"publish","type":"product","link":"https:\/\/dolgozoimenu.hu\/en\/product\/a-manu-borsokrem-leves-400ml-brassoi-apropecsenye-kockaburgonyaval-350g\/","title":{"rendered":"&#8222;A&#8221; man\u00fc Tejf\u00f6l\u00f6s burgonyaleves kolb\u00e1sz chips-szel 400 ml &#8211; R\u00e1ntott csirke burgonyap\u00fcr\u00e9vel 350 g"},"content":{"rendered":"<p><strong>Tejf\u00f6l\u00f6s burgonyaleves kolb\u00e1sz chipsszel\u00a0 <\/strong><strong>\u00d6sszetev\u0151k: <\/strong>iv\u00f3v\u00edz, \u00e9tkez\u00e9si burgonya 16%, <strong>TEJF\u00d6L<\/strong>, csemege kolb\u00e1sz 8% [sert\u00e9s gy\u00e1rt\u00e1si szalonna 40%, sert\u00e9sh\u00fas 40%, marhah\u00fas 20%, f\u0171szerkever\u00e9k (term\u00e9szetes f\u0171szerek \u00e9s f\u0171szerkivonatok, dextr\u00f3z, \u00edz \u00e9s aromafokoz\u00f3k (E631, E635), antioxid\u00e1ns (E300), nitrites p\u00e1cs\u00f3 (E250), fokhagyma paszta (fokhagyma, s\u00f3), \u0151r\u00f6lt k\u00f6m\u00e9ny, stabiliz\u00e1tor (E262), \u00e9tkez\u00e9si s\u00f3, f\u00fcst], v\u00f6r\u00f6shagyma, <strong>B\u00daZALISZT<\/strong>, \u00e9tkez\u00e9si s\u00f3, sert\u00e9szs\u00edr, petrezselyem, csemege f\u0171szerpaprika, bab\u00e9rlev\u00e9l.\u00a0<strong>T\u00e1p\u00e9rt\u00e9k adatok 100g term\u00e9kre:\u00a0<\/strong>Energia 323 KJ \/ 78 kcal\u00a0 Zs\u00edr 5,4g\u00a0 -amelyb\u0151l tel\u00edtett zs\u00edrsavak 3,0g\u00a0 Sz\u00e9nhidr\u00e1t 4,4g\u00a0 -amelyb\u0151l cukrok 0,6g\u00a0 Feh\u00e9rje 2,5g\u00a0 S\u00f3 1,19g<\/p>\n<p><strong>R\u00e1ntott csirke burgonyap\u00fcr\u00e9vel\u00a0<\/strong><strong>\u00d6sszetev\u0151k: <\/strong>\u00e9tkez\u00e9si burgonya 37%, csirkemell fil\u00e9 15%, <strong>B\u00daZALISZT<\/strong>, zsemlemorzsa (<strong>B\u00daZALISZT<\/strong>, iv\u00f3v\u00edz, \u00e9leszt\u0151, \u00e9tkez\u00e9si s\u00f3), <strong>TEJ<\/strong>, <strong>TOJ\u00c1S<\/strong>, tiszt\u00edtott vaj (<strong>TEH\u00c9NTEJ<\/strong>), \u00e9tkez\u00e9si s\u00f3, fekete bors.\u00a0<strong>T\u00e1p\u00e9rt\u00e9k adatok 100g term\u00e9kre:\u00a0<\/strong>Energia 794KJ \/ 189kcal\u00a0 Zs\u00edr 6,7g\u00a0 -amelyb\u0151l tel\u00edtett zs\u00edrsavak 3,5g\u00a0 Sz\u00e9nhidr\u00e1t 23,4g\u00a0 -amelyb\u0151l cukrok 1,3g\u00a0 Feh\u00e9rje 8,1g\u00a0 S\u00f3 0,74g\u00a0Allerg\u00e9n inform\u00e1ci\u00f3: Az allerg\u00e9nek az \u00f6sszetev\u0151k k\u00f6z\u00f6tt NAGYBET\u0170VEL kiemelve tal\u00e1lhat\u00f3k!<strong>Elk\u00e9sz\u00edt\u00e9si \u00fatmutat\u00f3: <\/strong>Mikrohull\u00e1m\u00fa s\u00fct\u0151ben k\u00f6zepes fokozaton 3-4perc meleg\u00edt\u00e9s, amely a berendez\u00e9sek teljes\u00edtm\u00e9ny\u00e9t\u0151l \u00e9s t\u00edpus\u00e1t\u00f3l f\u00fcgg\u0151en v\u00e1ltozhat!<\/p>","protected":false},"excerpt":{"rendered":"<p>Tejf\u00f6l\u00f6s burgonyaleves kolb\u00e1sz chipsszel\u00a0 \u00d6sszetev\u0151k: iv\u00f3v\u00edz, \u00e9tkez\u00e9si burgonya 16%, TEJF\u00d6L, csemege kolb\u00e1sz 8% [sert\u00e9s gy\u00e1rt\u00e1si szalonna 40%, sert\u00e9sh\u00fas 40%, marhah\u00fas 20%, f\u0171szerkever\u00e9k (term\u00e9szetes f\u0171szerek \u00e9s f\u0171szerkivonatok, dextr\u00f3z, \u00edz \u00e9s aromafokoz\u00f3k (E631, E635), antioxid\u00e1ns (E300), nitrites p\u00e1cs\u00f3 (E250), fokhagyma paszta (fokhagyma, s\u00f3), \u0151r\u00f6lt k\u00f6m\u00e9ny, stabiliz\u00e1tor (E262), \u00e9tkez\u00e9si s\u00f3, f\u00fcst], v\u00f6r\u00f6shagyma, B\u00daZALISZT, \u00e9tkez\u00e9si s\u00f3, sert\u00e9szs\u00edr, petrezselyem, csemege [&hellip;]<\/p>","protected":false},"featured_media":0,"template":"","meta":{"_acf_changed":false},"product_brand":[],"product_cat":[138],"product_tag":[134],"class_list":{"0":"post-4989","1":"product","2":"type-product","3":"status-publish","5":"product_cat-onkologia_daily_offers","6":"product_tag-2025-10-04","8":"first","9":"instock","10":"taxable","11":"shipping-taxable","12":"purchasable","13":"product-type-simple"},"acf":[],"jetpack_sharing_enabled":true,"_links":{"self":[{"href":"https:\/\/dolgozoimenu.hu\/en\/wp-json\/wp\/v2\/product\/4989","targetHints":{"allow":["GET"]}}],"collection":[{"href":"https:\/\/dolgozoimenu.hu\/en\/wp-json\/wp\/v2\/product"}],"about":[{"href":"https:\/\/dolgozoimenu.hu\/en\/wp-json\/wp\/v2\/types\/product"}],"wp:attachment":[{"href":"https:\/\/dolgozoimenu.hu\/en\/wp-json\/wp\/v2\/media?parent=4989"}],"wp:term":[{"taxonomy":"product_brand","embeddable":true,"href":"https:\/\/dolgozoimenu.hu\/en\/wp-json\/wp\/v2\/product_brand?post=4989"},{"taxonomy":"product_cat","embeddable":true,"href":"https:\/\/dolgozoimenu.hu\/en\/wp-json\/wp\/v2\/product_cat?post=4989"},{"taxonomy":"product_tag","embeddable":true,"href":"https:\/\/dolgozoimenu.hu\/en\/wp-json\/wp\/v2\/product_tag?post=4989"}],"curies":[{"name":"wp","href":"https:\/\/api.w.org\/{rel}","templated":true}]}}