{"id":4988,"date":"2025-09-26T07:08:51","date_gmt":"2025-09-26T07:08:51","guid":{"rendered":"https:\/\/www.dolgozoimenu.hu\/?post_type=product&#038;p=4988"},"modified":"2025-09-29T15:35:16","modified_gmt":"2025-09-29T15:35:16","slug":"a-manu-zoldbableves-400-ml-borsos-tokany-tarhonyaval-350-g","status":"publish","type":"product","link":"https:\/\/dolgozoimenu.hu\/en\/product\/a-manu-zoldbableves-400-ml-borsos-tokany-tarhonyaval-350-g\/","title":{"rendered":"&#8222;A&#8221; man\u00fc Z\u00f6ldbableves 400 ml &#8211; Borsos tok\u00e1ny tarhony\u00e1val 350 g"},"content":{"rendered":"<p><strong>Z\u00f6ldbableves 400ml\u00a0<\/strong><strong>\u00d6sszetev\u0151k: <\/strong>iv\u00f3v\u00edz, vajbab 27%, <strong>TEJF\u00d6L<\/strong>, <strong>B\u00daZALISZT<\/strong>, fokhagyma, csemege f\u0171szerpaprika, petrezselyem, \u00e9tkez\u00e9si s\u00f3, napraforg\u00f3 \u00e9tolaj.\u00a0<strong>T\u00e1p\u00e9rt\u00e9k adatok 100g term\u00e9kre: <\/strong>Energia 107 KJ \/ 26 kcal\u00a0 Zs\u00edr 1,6g\u00a0 -amelyb\u0151l tel\u00edtett zs\u00edrsavak 1,0g\u00a0 Sz\u00e9nhidr\u00e1t 1,9g\u00a0 -amelyb\u0151l cukrok 0,2g\u00a0 Feh\u00e9rje 0,8g\u00a0 S\u00f3 0,30g<\/p>\n<p><strong>Borsos tok\u00e1ny tarhony\u00e1val 350g\u00a0<\/strong><strong>\u00d6sszetev\u0151k: <\/strong>iv\u00f3v\u00edz, tarhonya (<strong>B\u00daZALISZT<\/strong>, teljes <strong>TOJ\u00c1SL\u00c9<\/strong>, iv\u00f3v\u00edz), sert\u00e9scomb 11%, paradicsom, f\u00fcst\u00f6lt kolozsv\u00e1ri szalonna, v\u00f6r\u00f6shagyma, \u00e9tkez\u00e9si paprika, <strong>B\u00daZALISZT<\/strong>, \u00e9tkez\u00e9si s\u00f3, fekete bors.\u00a0<strong>T\u00e1p\u00e9rt\u00e9k adatok 100g term\u00e9kre: <\/strong>Energia 422 KJ \/ 101 kcal\u00a0 Zs\u00edr 4,4g\u00a0 -amelyb\u0151l tel\u00edtett zs\u00edrsavak 0,3g\u00a0 Sz\u00e9nhidr\u00e1t 9,8g\u00a0 -amelyb\u0151l cukrok 0,5g\u00a0 Feh\u00e9rje 5,1g\u00a0 S\u00f3 0,78g\u00a0<strong>Allerg\u00e9n inform\u00e1ci\u00f3<\/strong>: Az allerg\u00e9nek az \u00f6sszetev\u0151k k\u00f6z\u00f6tt NAGYBET\u0170VEL kiemelve tal\u00e1lhat\u00f3k!<strong>Elk\u00e9sz\u00edt\u00e9si \u00fatmutat\u00f3: <\/strong>Mikrohull\u00e1m\u00fa s\u00fct\u0151ben k\u00f6zepes fokozaton 3-4perc meleg\u00edt\u00e9s, amely a berendez\u00e9sek teljes\u00edtm\u00e9ny\u00e9t\u0151l \u00e9s t\u00edpus\u00e1t\u00f3l f\u00fcgg\u0151en v\u00e1ltozhatnak!<\/p>","protected":false},"excerpt":{"rendered":"<p>Z\u00f6ldbableves 400ml\u00a0\u00d6sszetev\u0151k: iv\u00f3v\u00edz, vajbab 27%, TEJF\u00d6L, B\u00daZALISZT, fokhagyma, csemege f\u0171szerpaprika, petrezselyem, \u00e9tkez\u00e9si s\u00f3, napraforg\u00f3 \u00e9tolaj.\u00a0T\u00e1p\u00e9rt\u00e9k adatok 100g term\u00e9kre: Energia 107 KJ \/ 26 kcal\u00a0 Zs\u00edr 1,6g\u00a0 -amelyb\u0151l tel\u00edtett zs\u00edrsavak 1,0g\u00a0 Sz\u00e9nhidr\u00e1t 1,9g\u00a0 -amelyb\u0151l cukrok 0,2g\u00a0 Feh\u00e9rje 0,8g\u00a0 S\u00f3 0,30g Borsos tok\u00e1ny tarhony\u00e1val 350g\u00a0\u00d6sszetev\u0151k: iv\u00f3v\u00edz, tarhonya (B\u00daZALISZT, teljes TOJ\u00c1SL\u00c9, iv\u00f3v\u00edz), sert\u00e9scomb 11%, paradicsom, f\u00fcst\u00f6lt kolozsv\u00e1ri szalonna, [&hellip;]<\/p>","protected":false},"featured_media":0,"template":"","meta":{"_acf_changed":false},"product_brand":[],"product_cat":[138],"product_tag":[130],"class_list":{"0":"post-4988","1":"product","2":"type-product","3":"status-publish","5":"product_cat-onkologia_daily_offers","6":"product_tag-2025-10-02","8":"first","9":"instock","10":"taxable","11":"shipping-taxable","12":"purchasable","13":"product-type-simple"},"acf":[],"jetpack_sharing_enabled":true,"_links":{"self":[{"href":"https:\/\/dolgozoimenu.hu\/en\/wp-json\/wp\/v2\/product\/4988","targetHints":{"allow":["GET"]}}],"collection":[{"href":"https:\/\/dolgozoimenu.hu\/en\/wp-json\/wp\/v2\/product"}],"about":[{"href":"https:\/\/dolgozoimenu.hu\/en\/wp-json\/wp\/v2\/types\/product"}],"wp:attachment":[{"href":"https:\/\/dolgozoimenu.hu\/en\/wp-json\/wp\/v2\/media?parent=4988"}],"wp:term":[{"taxonomy":"product_brand","embeddable":true,"href":"https:\/\/dolgozoimenu.hu\/en\/wp-json\/wp\/v2\/product_brand?post=4988"},{"taxonomy":"product_cat","embeddable":true,"href":"https:\/\/dolgozoimenu.hu\/en\/wp-json\/wp\/v2\/product_cat?post=4988"},{"taxonomy":"product_tag","embeddable":true,"href":"https:\/\/dolgozoimenu.hu\/en\/wp-json\/wp\/v2\/product_tag?post=4988"}],"curies":[{"name":"wp","href":"https:\/\/api.w.org\/{rel}","templated":true}]}}