{"id":4987,"date":"2025-09-26T07:06:01","date_gmt":"2025-09-26T07:06:01","guid":{"rendered":"https:\/\/www.dolgozoimenu.hu\/?post_type=product&#038;p=4987"},"modified":"2025-09-29T16:12:59","modified_gmt":"2025-09-29T16:12:59","slug":"a-manu-paloc-vajbab-tejfolosen-leves-400ml-turos-gomboc-250g","status":"publish","type":"product","link":"https:\/\/dolgozoimenu.hu\/en\/product\/a-manu-paloc-vajbab-tejfolosen-leves-400ml-turos-gomboc-250g\/","title":{"rendered":"&#8222;A&#8221; man\u00fc Pal\u00f3c vajbab tejf\u00f6l\u00f6sen leves 400ml &#8211; T\u00far\u00f3s gomb\u00f3c 250g"},"content":{"rendered":"<p><strong>Pal\u00f3c leves <\/strong><strong>\u00d6sszetev\u0151k: <\/strong>iv\u00f3v\u00edz, \u00e9tkez\u00e9si burgonya, sert\u00e9s comb, z\u00f6ldbab, TEJF\u00d6L [(TEJSZ\u00cdN, tejsavbakt\u00e9rium kult\u00fara (TEJ)], s\u00e1rgar\u00e9pa, feh\u00e9rr\u00e9pa, v\u00f6r\u00f6shagyma, \u00e9tkez\u00e9si paprika, paradicsom, B\u00daZALISZT, sert\u00e9s zs\u00edr (sert\u00e9szs\u00edr, dextr\u00f3z), fokhagyma, \u0151r\u00f6lt f\u0171szerk\u00f6m\u00e9ny, \u0151r\u00f6lt csemege f\u0171szerpaprika, \u00e9tkez\u00e9si s\u00f3, \u0151r\u00f6lt fekete bors, bab\u00e9rlev\u00e9l, citrom.\u00a0<strong>T\u00e1p\u00e9rt\u00e9k adatok 100g term\u00e9kre: <\/strong>Energia 196KJ \/ 47kcal\u00a0 Zs\u00edr 1,9g\u00a0 -amelyb\u0151l tel\u00edtett zs\u00edrsavak 0,8g\u00a0 Sz\u00e9nhidr\u00e1t 3,7g\u00a0 -amelyb\u0151l cukrok 0,5g\u00a0 Feh\u00e9rje 3,4g\u00a0 S\u00f3 0,45g<\/p>\n<p><strong>T\u00far\u00f3s gomb\u00f3c\u00a0<\/strong><strong>\u00d6sszetev\u0151k: <\/strong>gomb\u00f3c [(B\u00daZALISZT, iv\u00f3v\u00edz, T\u00daR\u00d3 (11%) burgonyapehely [dehidrat\u00e1lt burgonya, emulge\u00e1l\u00f3szer (zs\u00edrsavak mono- \u00e9s digliceridjei), stabiliz\u00e1torok (difoszf\u00e1tok, citromsav), tart\u00f3s\u00edt\u00f3szer (n\u00e1trium-metabiszulfit)], sov\u00e1ny TEJ, cukor, napraforg\u00f3 olaj, s\u0171r\u00edt\u0151anyag (aceitelezett dikem\u00e9ny\u00edt\u0151-foszf\u00e1t), \u00e9tkez\u00e9si s\u00f3, vanilincukor (cukor, aroma), citromaroma.)], TEJF\u00d6L (TEJSZ\u00cdN, tejsavbakt\u00e9rium kult\u00fara (TEJ), zsemlemorzsa (B\u00daZALISZT, iv\u00f3v\u00edz, \u00e9leszt\u0151, \u00e9tkez\u00e9si s\u00f3), cukor, fah\u00e9j. <strong>T\u00e1p\u00e9rt\u00e9k adatok 100g term\u00e9kre: <\/strong>Energia 991KJ \/ 235kcal\u00a0 Zs\u00edr 6,8g\u00a0 -amelyb\u0151l tel\u00edtett zs\u00edrsavak 3,6g\u00a0 Sz\u00e9nhidr\u00e1t 37,4g\u00a0 -amelyb\u0151l cukrok 11,3g\u00a0 Feh\u00e9rje 5,8g\u00a0 S\u00f3 0,66g\u00a0 Allerg\u00e9n inform\u00e1ci\u00f3: Az allerg\u00e9nek az \u00f6sszetev\u0151k k\u00f6z\u00f6tt NAGYBET\u0170VEL kiemelve tal\u00e1lhat\u00f3k!\u00a0<strong>Elk\u00e9sz\u00edt\u00e9si \u00fatmutat\u00f3: <\/strong>Mikrohull\u00e1m\u00fa s\u00fct\u0151ben k\u00f6zepes fokozaton 3-4perc meleg\u00edt\u00e9s, amely a berendez\u00e9sek teljes\u00edtm\u00e9ny\u00e9t\u0151l \u00e9s t\u00edpus\u00e1t\u00f3l f\u00fcgg\u0151en v\u00e1ltozhat!<\/p>","protected":false},"excerpt":{"rendered":"<p>Pal\u00f3c leves \u00d6sszetev\u0151k: iv\u00f3v\u00edz, \u00e9tkez\u00e9si burgonya, sert\u00e9s comb, z\u00f6ldbab, TEJF\u00d6L [(TEJSZ\u00cdN, tejsavbakt\u00e9rium kult\u00fara (TEJ)], s\u00e1rgar\u00e9pa, feh\u00e9rr\u00e9pa, v\u00f6r\u00f6shagyma, \u00e9tkez\u00e9si paprika, paradicsom, B\u00daZALISZT, sert\u00e9s zs\u00edr (sert\u00e9szs\u00edr, dextr\u00f3z), fokhagyma, \u0151r\u00f6lt f\u0171szerk\u00f6m\u00e9ny, \u0151r\u00f6lt csemege f\u0171szerpaprika, \u00e9tkez\u00e9si s\u00f3, \u0151r\u00f6lt fekete bors, bab\u00e9rlev\u00e9l, citrom.\u00a0T\u00e1p\u00e9rt\u00e9k adatok 100g term\u00e9kre: Energia 196KJ \/ 47kcal\u00a0 Zs\u00edr 1,9g\u00a0 -amelyb\u0151l tel\u00edtett zs\u00edrsavak 0,8g\u00a0 Sz\u00e9nhidr\u00e1t 3,7g\u00a0 -amelyb\u0151l cukrok [&hellip;]<\/p>","protected":false},"featured_media":0,"template":"","meta":{"_acf_changed":false},"product_brand":[],"product_cat":[138],"product_tag":[132],"class_list":{"0":"post-4987","1":"product","2":"type-product","3":"status-publish","5":"product_cat-onkologia_daily_offers","6":"product_tag-2025-10-01","8":"first","9":"instock","10":"taxable","11":"shipping-taxable","12":"purchasable","13":"product-type-simple"},"acf":[],"jetpack_sharing_enabled":true,"_links":{"self":[{"href":"https:\/\/dolgozoimenu.hu\/en\/wp-json\/wp\/v2\/product\/4987","targetHints":{"allow":["GET"]}}],"collection":[{"href":"https:\/\/dolgozoimenu.hu\/en\/wp-json\/wp\/v2\/product"}],"about":[{"href":"https:\/\/dolgozoimenu.hu\/en\/wp-json\/wp\/v2\/types\/product"}],"wp:attachment":[{"href":"https:\/\/dolgozoimenu.hu\/en\/wp-json\/wp\/v2\/media?parent=4987"}],"wp:term":[{"taxonomy":"product_brand","embeddable":true,"href":"https:\/\/dolgozoimenu.hu\/en\/wp-json\/wp\/v2\/product_brand?post=4987"},{"taxonomy":"product_cat","embeddable":true,"href":"https:\/\/dolgozoimenu.hu\/en\/wp-json\/wp\/v2\/product_cat?post=4987"},{"taxonomy":"product_tag","embeddable":true,"href":"https:\/\/dolgozoimenu.hu\/en\/wp-json\/wp\/v2\/product_tag?post=4987"}],"curies":[{"name":"wp","href":"https:\/\/api.w.org\/{rel}","templated":true}]}}