{"id":4974,"date":"2025-09-26T06:59:41","date_gmt":"2025-09-26T06:59:41","guid":{"rendered":"https:\/\/www.dolgozoimenu.hu\/?post_type=product&#038;p=4974"},"modified":"2025-09-26T09:26:30","modified_gmt":"2025-09-26T09:26:30","slug":"a-manu-hazi-majgaluska-leves-csirkepaprikas-bulgurral","status":"publish","type":"product","link":"https:\/\/dolgozoimenu.hu\/en\/product\/a-manu-hazi-majgaluska-leves-csirkepaprikas-bulgurral\/","title":{"rendered":"&#8222;A&#8221; man\u00fc H\u00e1zi m\u00e1jgomb\u00f3c leves 400ml &#8211; Csirkepaprik\u00e1s bulgurral 200g"},"content":{"rendered":"","protected":false},"excerpt":{"rendered":"","protected":false},"featured_media":0,"template":"","meta":{"_acf_changed":false},"product_brand":[],"product_cat":[138],"product_tag":[129],"class_list":{"0":"post-4974","1":"product","2":"type-product","3":"status-publish","5":"product_cat-onkologia_daily_offers","6":"product_tag-2025-09-29","8":"first","9":"instock","10":"taxable","11":"shipping-taxable","12":"purchasable","13":"product-type-simple"},"acf":[],"jetpack_sharing_enabled":true,"_links":{"self":[{"href":"https:\/\/dolgozoimenu.hu\/en\/wp-json\/wp\/v2\/product\/4974","targetHints":{"allow":["GET"]}}],"collection":[{"href":"https:\/\/dolgozoimenu.hu\/en\/wp-json\/wp\/v2\/product"}],"about":[{"href":"https:\/\/dolgozoimenu.hu\/en\/wp-json\/wp\/v2\/types\/product"}],"wp:attachment":[{"href":"https:\/\/dolgozoimenu.hu\/en\/wp-json\/wp\/v2\/media?parent=4974"}],"wp:term":[{"taxonomy":"product_brand","embeddable":true,"href":"https:\/\/dolgozoimenu.hu\/en\/wp-json\/wp\/v2\/product_brand?post=4974"},{"taxonomy":"product_cat","embeddable":true,"href":"https:\/\/dolgozoimenu.hu\/en\/wp-json\/wp\/v2\/product_cat?post=4974"},{"taxonomy":"product_tag","embeddable":true,"href":"https:\/\/dolgozoimenu.hu\/en\/wp-json\/wp\/v2\/product_tag?post=4974"}],"curies":[{"name":"wp","href":"https:\/\/api.w.org\/{rel}","templated":true}]}}