{"id":4304,"date":"2025-09-04T08:05:27","date_gmt":"2025-09-04T08:05:27","guid":{"rendered":"https:\/\/www.dolgozoimenu.hu\/?post_type=product&#038;p=4304"},"modified":"2026-04-17T11:46:32","modified_gmt":"2026-04-17T11:46:32","slug":"mezes-mustaros-csirkecomb-valassz-koretet-melle","status":"publish","type":"product","link":"https:\/\/dolgozoimenu.hu\/en\/product\/mezes-mustaros-csirkecomb-valassz-koretet-melle\/","title":{"rendered":"Honey Mustard Pork Neck"},"content":{"rendered":"<p>Adag t\u00f6meg: 200 g<\/p>\n<p>T\u00e1p\u00e9rt\u00e9kek (100g): Energia: 890 kJ, Energia: 213 kcal, Zs\u00edr: 11.7 g, amelyb\u0151l tel\u00edtett zs\u00edrsavak: 2.2 g, Sz\u00e9nhidr\u00e1t: 10.7 g, amelyb\u0151l cukrok: 8.7 g, Feh\u00e9rje: 15.5 g, S\u00f3: 1.22 g<\/p>\n<p>Allerg\u00e9nek: Glut\u00e9n tartalm\u00fa gabonaf\u00e9l\u00e9k (b\u00faza, rozs, \u00e1rpa, zab, kukorica), Must\u00e1r<\/p>\n<p>\u00d6sszetev\u0151k: sert\u00e9s tarja 62%, MUST\u00c1R [iv\u00f3v\u00edz, ecet, MUST\u00c1RMAG (18%), cukor, \u00e9tkez\u00e9si s\u00f3, f\u0171szerek, sz\u00ednez\u00e9k (kurkumin)], vegyes vir\u00e1gm\u00e9z, finom\u00edtott napraforg\u00f3 \u00e9tolaj, B\u00daZALISZT, sert\u00e9s f\u0171szers\u00f3 [j\u00f3dozott \u00e9tkez\u00e9si s\u00f3 (\u00e9tkez\u00e9si s\u00f3, k\u00e1lium-jodid), fokhagyma, k\u00f6m\u00e9ny, koriander, v\u00f6r\u00f6shagyma, bors].<\/p>","protected":false},"excerpt":{"rendered":"<p>Adag t\u00f6meg: 200 g T\u00e1p\u00e9rt\u00e9kek (100g): Energia: 890 kJ, Energia: 213 kcal, Zs\u00edr: 11.7 g, amelyb\u0151l tel\u00edtett zs\u00edrsavak: 2.2 g, Sz\u00e9nhidr\u00e1t: 10.7 g, amelyb\u0151l cukrok: 8.7 g, Feh\u00e9rje: 15.5 g, S\u00f3: 1.22 g Allerg\u00e9nek: Glut\u00e9n tartalm\u00fa gabonaf\u00e9l\u00e9k (b\u00faza, rozs, \u00e1rpa, zab, kukorica), Must\u00e1r \u00d6sszetev\u0151k: sert\u00e9s tarja 62%, MUST\u00c1R [iv\u00f3v\u00edz, ecet, MUST\u00c1RMAG (18%), cukor, \u00e9tkez\u00e9si s\u00f3, [&hellip;]<\/p>","protected":false},"featured_media":0,"template":"","meta":{"_acf_changed":false},"product_brand":[],"product_cat":[41],"product_tag":[108,159,326,377],"class_list":{"0":"post-4304","1":"product","2":"type-product","3":"status-publish","5":"product_cat-daily_offers","6":"product_tag-2025-09-10","7":"product_tag-2025-10-30","8":"product_tag-2026-03-22","9":"product_tag-2026-05-03","11":"first","12":"instock","13":"taxable","14":"shipping-taxable","15":"purchasable","16":"product-type-variable"},"acf":[],"jetpack_sharing_enabled":true,"_links":{"self":[{"href":"https:\/\/dolgozoimenu.hu\/en\/wp-json\/wp\/v2\/product\/4304","targetHints":{"allow":["GET"]}}],"collection":[{"href":"https:\/\/dolgozoimenu.hu\/en\/wp-json\/wp\/v2\/product"}],"about":[{"href":"https:\/\/dolgozoimenu.hu\/en\/wp-json\/wp\/v2\/types\/product"}],"wp:attachment":[{"href":"https:\/\/dolgozoimenu.hu\/en\/wp-json\/wp\/v2\/media?parent=4304"}],"wp:term":[{"taxonomy":"product_brand","embeddable":true,"href":"https:\/\/dolgozoimenu.hu\/en\/wp-json\/wp\/v2\/product_brand?post=4304"},{"taxonomy":"product_cat","embeddable":true,"href":"https:\/\/dolgozoimenu.hu\/en\/wp-json\/wp\/v2\/product_cat?post=4304"},{"taxonomy":"product_tag","embeddable":true,"href":"https:\/\/dolgozoimenu.hu\/en\/wp-json\/wp\/v2\/product_tag?post=4304"}],"curies":[{"name":"wp","href":"https:\/\/api.w.org\/{rel}","templated":true}]}}