{"id":18666,"date":"2026-03-04T09:38:37","date_gmt":"2026-03-04T09:38:37","guid":{"rendered":"https:\/\/dolgozoimenu.hu\/?post_type=product&#038;p=18666"},"modified":"2026-04-14T08:16:08","modified_gmt":"2026-04-14T08:16:08","slug":"vegetarianus-menu-zoldsegleves-400-ml-vega-rakott-karfiol-350-g","status":"publish","type":"product","link":"https:\/\/dolgozoimenu.hu\/en\/product\/vegetarianus-menu-zoldsegleves-400-ml-vega-rakott-karfiol-350-g\/","title":{"rendered":"&#8222;Veget\u00e1ri\u00e1nus&#8221; men\u00fc Z\u00f6lds\u00e9gleves 400 ml &#8211; Vega rakott karfiol 350 g"},"content":{"rendered":"","protected":false},"excerpt":{"rendered":"","protected":false},"featured_media":0,"template":"","meta":{"_acf_changed":false},"product_brand":[],"product_cat":[138],"product_tag":[314,367],"class_list":{"0":"post-18666","1":"product","2":"type-product","3":"status-publish","5":"product_cat-onkologia_daily_offers","6":"product_tag-2026-03-12","7":"product_tag-2026-04-23","9":"first","10":"instock","11":"taxable","12":"shipping-taxable","13":"purchasable","14":"product-type-simple"},"acf":[],"jetpack_sharing_enabled":true,"_links":{"self":[{"href":"https:\/\/dolgozoimenu.hu\/en\/wp-json\/wp\/v2\/product\/18666","targetHints":{"allow":["GET"]}}],"collection":[{"href":"https:\/\/dolgozoimenu.hu\/en\/wp-json\/wp\/v2\/product"}],"about":[{"href":"https:\/\/dolgozoimenu.hu\/en\/wp-json\/wp\/v2\/types\/product"}],"wp:attachment":[{"href":"https:\/\/dolgozoimenu.hu\/en\/wp-json\/wp\/v2\/media?parent=18666"}],"wp:term":[{"taxonomy":"product_brand","embeddable":true,"href":"https:\/\/dolgozoimenu.hu\/en\/wp-json\/wp\/v2\/product_brand?post=18666"},{"taxonomy":"product_cat","embeddable":true,"href":"https:\/\/dolgozoimenu.hu\/en\/wp-json\/wp\/v2\/product_cat?post=18666"},{"taxonomy":"product_tag","embeddable":true,"href":"https:\/\/dolgozoimenu.hu\/en\/wp-json\/wp\/v2\/product_tag?post=18666"}],"curies":[{"name":"wp","href":"https:\/\/api.w.org\/{rel}","templated":true}]}}